{"id":11062,"date":"2014-09-11T04:50:59","date_gmt":"2014-09-11T02:50:59","guid":{"rendered":"http:\/\/cross-racing.de\/?page_id=11062"},"modified":"2017-04-02T09:40:17","modified_gmt":"2017-04-02T07:40:17","slug":"saison-2011","status":"publish","type":"page","link":"https:\/\/cross-racing.de\/?page_id=11062","title":{"rendered":"Saison 2011"},"content":{"rendered":"<p>\t<div class=\"ngg-albumoverview\">\n\t\t\t\t\t<div class=\"ngg-album-compact\">\n\t\t\t\t<div class=\"ngg-album-compactbox\">\n\t\t\t\t\t<div class=\"ngg-album-link\">\n\t\t\t\t\t\t\t\t\t\t\t\t\t<a title='DM Kesseltal 2011' href='https:\/\/cross-racing.de\/index.php\/nggallery\/2011\/dm-kesseltal-2011?page_id=11062'>\n\t\t\t\t\t\t\t\t<img class=\"Thumb\"\n\t\t\t\t\t\t\t\t\talt=\"DM Kesseltal 2011\"\n\t\t\t\t\t\t\t\t\tsrc=\"https:\/\/cross-racing.de\/wp-content\/gallery\/dm-kesseltal-2011\/cache\/img_1915.jpg-nggid044102-ngg0dyn-91x68-00f0w010c011r110f110r010t010.jpg\"\/>\n\t\t\t\t\t\t\t<\/a>\n\t\t\t\t\t\t\t\t\t\t\t<\/div>\n\t\t\t\t<\/div>\n\t\t\t\t\t\t\t\t<h4>\n\t\t\t\t\t<a class='ngg-album-desc'\n\t\t\t\t\t\ttitle='DM Kesseltal 2011' href='https:\/\/cross-racing.de\/index.php\/nggallery\/2011\/dm-kesseltal-2011?page_id=11062'style=\"max-width: 111px\"\t\t\t\t\t>\n\t\t\t\t\t\tDM Kesseltal 2011\t\t\t\t\t<\/a>\n\t\t\t\t<\/h4>\n\t\t\t\t<p class=\"ngg-album-gallery-image-counter\">\n\t\t\t\t\t\t\t\t\t\t\t<strong>167<\/strong>&nbsp;Fotos\t\t\t\t\t\t\t\t\t<\/p>\n\t\t\t<\/div>\n\t\t\t\t\t<div class=\"ngg-album-compact\">\n\t\t\t\t<div class=\"ngg-album-compactbox\">\n\t\t\t\t\t<div class=\"ngg-album-link\">\n\t\t\t\t\t\t\t\t\t\t\t\t\t<a title='DM Steinbourg 2011' href='https:\/\/cross-racing.de\/index.php\/nggallery\/2011\/dm-steinbourg-2011?page_id=11062'>\n\t\t\t\t\t\t\t\t<img class=\"Thumb\"\n\t\t\t\t\t\t\t\t\talt=\"DM Steinbourg 2011\"\n\t\t\t\t\t\t\t\t\tsrc=\"https:\/\/cross-racing.de\/wp-content\/gallery\/dm-steinbourg-2011\/cache\/img_0594.jpg-nggid044386-ngg0dyn-91x68-00f0w010c011r110f110r010t010.jpg\"\/>\n\t\t\t\t\t\t\t<\/a>\n\t\t\t\t\t\t\t\t\t\t\t<\/div>\n\t\t\t\t<\/div>\n\t\t\t\t\t\t\t\t<h4>\n\t\t\t\t\t<a class='ngg-album-desc'\n\t\t\t\t\t\ttitle='DM Steinbourg 2011' href='https:\/\/cross-racing.de\/index.php\/nggallery\/2011\/dm-steinbourg-2011?page_id=11062'style=\"max-width: 111px\"\t\t\t\t\t>\n\t\t\t\t\t\tDM Steinbourg 2011\t\t\t\t\t<\/a>\n\t\t\t\t<\/h4>\n\t\t\t\t<p class=\"ngg-album-gallery-image-counter\">\n\t\t\t\t\t\t\t\t\t\t\t<strong>1<\/strong>&nbsp;Fotos\t\t\t\t\t\t\t\t\t<\/p>\n\t\t\t<\/div>\n\t\t\t\t\t<div class=\"ngg-album-compact\">\n\t\t\t\t<div class=\"ngg-album-compactbox\">\n\t\t\t\t\t<div class=\"ngg-album-link\">\n\t\t\t\t\t\t\t\t\t\t\t\t\t<a title='DM H\u00f6chst\u00e4dt 2011' href='https:\/\/cross-racing.de\/index.php\/nggallery\/2011\/dm-hoechstaedt-2011?page_id=11062'>\n\t\t\t\t\t\t\t\t<img class=\"Thumb\"\n\t\t\t\t\t\t\t\t\talt=\"DM H\u00f6chst\u00e4dt 2011\"\n\t\t\t\t\t\t\t\t\tsrc=\"https:\/\/cross-racing.de\/wp-content\/gallery\/dm-hoechstaedt-2011\/cache\/img_5371.jpg-nggid043854-ngg0dyn-91x68-00f0w010c011r110f110r010t010.jpg\"\/>\n\t\t\t\t\t\t\t<\/a>\n\t\t\t\t\t\t\t\t\t\t\t<\/div>\n\t\t\t\t<\/div>\n\t\t\t\t\t\t\t\t<h4>\n\t\t\t\t\t<a class='ngg-album-desc'\n\t\t\t\t\t\ttitle='DM H\u00f6chst\u00e4dt 2011' href='https:\/\/cross-racing.de\/index.php\/nggallery\/2011\/dm-hoechstaedt-2011?page_id=11062'style=\"max-width: 111px\"\t\t\t\t\t>\n\t\t\t\t\t\tDM H\u00f6chst\u00e4dt 2011\t\t\t\t\t<\/a>\n\t\t\t\t<\/h4>\n\t\t\t\t<p class=\"ngg-album-gallery-image-counter\">\n\t\t\t\t\t\t\t\t\t\t\t<strong>248<\/strong>&nbsp;Fotos\t\t\t\t\t\t\t\t\t<\/p>\n\t\t\t<\/div>\n\t\t\t\t\t<div class=\"ngg-album-compact\">\n\t\t\t\t<div class=\"ngg-album-compactbox\">\n\t\t\t\t\t<div class=\"ngg-album-link\">\n\t\t\t\t\t\t\t\t\t\t\t\t\t<a title='DM Siegbachtal 2011' href='https:\/\/cross-racing.de\/index.php\/nggallery\/2011\/dm-siegbachtal-2011?page_id=11062'>\n\t\t\t\t\t\t\t\t<img class=\"Thumb\"\n\t\t\t\t\t\t\t\t\talt=\"DM Siegbachtal 2011\"\n\t\t\t\t\t\t\t\t\tsrc=\"https:\/\/cross-racing.de\/wp-content\/gallery\/dm-siegbachtal-2011\/cache\/img_1403.jpg-nggid044269-ngg0dyn-91x68-00f0w010c011r110f110r010t010.jpg\"\/>\n\t\t\t\t\t\t\t<\/a>\n\t\t\t\t\t\t\t\t\t\t\t<\/div>\n\t\t\t\t<\/div>\n\t\t\t\t\t\t\t\t<h4>\n\t\t\t\t\t<a class='ngg-album-desc'\n\t\t\t\t\t\ttitle='DM Siegbachtal 2011' href='https:\/\/cross-racing.de\/index.php\/nggallery\/2011\/dm-siegbachtal-2011?page_id=11062'style=\"max-width: 111px\"\t\t\t\t\t>\n\t\t\t\t\t\tDM Siegbachtal 2011\t\t\t\t\t<\/a>\n\t\t\t\t<\/h4>\n\t\t\t\t<p class=\"ngg-album-gallery-image-counter\">\n\t\t\t\t\t\t\t\t\t\t\t<strong>117<\/strong>&nbsp;Fotos\t\t\t\t\t\t\t\t\t<\/p>\n\t\t\t<\/div>\n\t\t\t\t\t<div class=\"ngg-album-compact\">\n\t\t\t\t<div class=\"ngg-album-compactbox\">\n\t\t\t\t\t<div class=\"ngg-album-link\">\n\t\t\t\t\t\t\t\t\t\t\t\t\t<a title='Motorshow Essen 2011' href='https:\/\/cross-racing.de\/index.php\/nggallery\/2011\/motorshow-essen-2011?page_id=11062'>\n\t\t\t\t\t\t\t\t<img class=\"Thumb\"\n\t\t\t\t\t\t\t\t\talt=\"Motorshow Essen 2011\"\n\t\t\t\t\t\t\t\t\tsrc=\"https:\/\/cross-racing.de\/wp-content\/gallery\/motorshow-essen-2011\/cache\/img_3144.jpg-nggid044387-ngg0dyn-91x68-00f0w010c011r110f110r010t010.jpg\"\/>\n\t\t\t\t\t\t\t<\/a>\n\t\t\t\t\t\t\t\t\t\t\t<\/div>\n\t\t\t\t<\/div>\n\t\t\t\t\t\t\t\t<h4>\n\t\t\t\t\t<a class='ngg-album-desc'\n\t\t\t\t\t\ttitle='Motorshow Essen 2011' href='https:\/\/cross-racing.de\/index.php\/nggallery\/2011\/motorshow-essen-2011?page_id=11062'style=\"max-width: 111px\"\t\t\t\t\t>\n\t\t\t\t\t\tMotorshow Essen 2011\t\t\t\t\t<\/a>\n\t\t\t\t<\/h4>\n\t\t\t\t<p class=\"ngg-album-gallery-image-counter\">\n\t\t\t\t\t\t\t\t\t\t\t<strong>82<\/strong>&nbsp;Fotos\t\t\t\t\t\t\t\t\t<\/p>\n\t\t\t<\/div>\n\t\t\t\t\t<div class=\"ngg-album-compact\">\n\t\t\t\t<div class=\"ngg-album-compactbox\">\n\t\t\t\t\t<div class=\"ngg-album-link\">\n\t\t\t\t\t\t\t\t\t\t\t\t\t<a title='DM Gr\u00fcndau 2011' href='https:\/\/cross-racing.de\/index.php\/nggallery\/2011\/dm-gruendau-2011?page_id=11062'>\n\t\t\t\t\t\t\t\t<img class=\"Thumb\"\n\t\t\t\t\t\t\t\t\talt=\"DM Gr\u00fcndau 2011\"\n\t\t\t\t\t\t\t\t\tsrc=\"https:\/\/cross-racing.de\/wp-content\/gallery\/dm-gruendau-2011\/cache\/1img_7010.jpg-nggid043705-ngg0dyn-91x68-00f0w010c011r110f110r010t010.jpg\"\/>\n\t\t\t\t\t\t\t<\/a>\n\t\t\t\t\t\t\t\t\t\t\t<\/div>\n\t\t\t\t<\/div>\n\t\t\t\t\t\t\t\t<h4>\n\t\t\t\t\t<a class='ngg-album-desc'\n\t\t\t\t\t\ttitle='DM Gr\u00fcndau 2011' href='https:\/\/cross-racing.de\/index.php\/nggallery\/2011\/dm-gruendau-2011?page_id=11062'style=\"max-width: 111px\"\t\t\t\t\t>\n\t\t\t\t\t\tDM Gr\u00fcndau 2011\t\t\t\t\t<\/a>\n\t\t\t\t<\/h4>\n\t\t\t\t<p class=\"ngg-album-gallery-image-counter\">\n\t\t\t\t\t\t\t\t\t\t\t<strong>149<\/strong>&nbsp;Fotos\t\t\t\t\t\t\t\t\t<\/p>\n\t\t\t<\/div>\n\t\t\t\t<br class=\"ngg-clear\"\/>\n\t\t<div class='ngg-clear'><\/div>\t<\/div>\n<\/p>\n","protected":false},"excerpt":{"rendered":"<p>DM Kesseltal 2011 167&nbsp;Fotos DM Steinbourg 2011 1&nbsp;Fotos DM H\u00f6chst\u00e4dt 2011 248&nbsp;Fotos DM Siegbachtal 2011 117&nbsp;Fotos Motorshow Essen 2011 82&nbsp;Fotos DM Gr\u00fcndau 2011 149&nbsp;Fotos<\/p>\n","protected":false},"author":2,"featured_media":0,"parent":53,"menu_order":14,"comment_status":"closed","ping_status":"open","template":"","meta":{"ngg_post_thumbnail":0,"footnotes":""},"class_list":["post-11062","page","type-page","status-publish","hentry"],"_links":{"self":[{"href":"https:\/\/cross-racing.de\/index.php?rest_route=\/wp\/v2\/pages\/11062","targetHints":{"allow":["GET"]}}],"collection":[{"href":"https:\/\/cross-racing.de\/index.php?rest_route=\/wp\/v2\/pages"}],"about":[{"href":"https:\/\/cross-racing.de\/index.php?rest_route=\/wp\/v2\/types\/page"}],"author":[{"embeddable":true,"href":"https:\/\/cross-racing.de\/index.php?rest_route=\/wp\/v2\/users\/2"}],"replies":[{"embeddable":true,"href":"https:\/\/cross-racing.de\/index.php?rest_route=%2Fwp%2Fv2%2Fcomments&post=11062"}],"version-history":[{"count":2,"href":"https:\/\/cross-racing.de\/index.php?rest_route=\/wp\/v2\/pages\/11062\/revisions"}],"predecessor-version":[{"id":18662,"href":"https:\/\/cross-racing.de\/index.php?rest_route=\/wp\/v2\/pages\/11062\/revisions\/18662"}],"up":[{"embeddable":true,"href":"https:\/\/cross-racing.de\/index.php?rest_route=\/wp\/v2\/pages\/53"}],"wp:attachment":[{"href":"https:\/\/cross-racing.de\/index.php?rest_route=%2Fwp%2Fv2%2Fmedia&parent=11062"}],"curies":[{"name":"wp","href":"https:\/\/api.w.org\/{rel}","templated":true}]}}